{"id":735,"date":"2018-08-12T22:22:46","date_gmt":"2018-08-12T22:22:46","guid":{"rendered":"https:\/\/pabloduran.com\/webnew\/?page_id=735"},"modified":"2018-08-14T22:14:08","modified_gmt":"2018-08-14T22:14:08","slug":"sebastian","status":"publish","type":"page","link":"https:\/\/pabloduran.com\/webnew\/sebastian\/","title":{"rendered":"Sebastian"},"content":{"rendered":"<p>[et_pb_section admin_label=\u00bbsection\u00bb transparent_background=\u00bboff\u00bb background_color=\u00bbrgba(114,114,114,0.28)\u00bb allow_player_pause=\u00bboff\u00bb inner_shadow=\u00bboff\u00bb parallax=\u00bboff\u00bb parallax_method=\u00bboff\u00bb padding_mobile=\u00bboff\u00bb make_fullwidth=\u00bboff\u00bb use_custom_width=\u00bboff\u00bb width_unit=\u00bbon\u00bb make_equal=\u00bboff\u00bb use_custom_gutter=\u00bboff\u00bb][et_pb_row admin_label=\u00bbrow\u00bb][et_pb_column type=\u00bb4_4&#8243;][et_pb_team_member admin_label=\u00bbPersona\u00bb image_url=\u00bbhttps:\/\/pabloduran.com\/webnew\/wp-content\/uploads\/2018\/04\/seba.png\u00bb animation=\u00bboff\u00bb background_layout=\u00bblight\u00bb body_font=\u00bbRoboto Light|on|||\u00bb body_text_color=\u00bb#000000&#8243; use_border_color=\u00bboff\u00bb border_color=\u00bb#ffffff\u00bb border_style=\u00bbsolid\u00bb]<\/p>\n<p>El Dr. Sebastian Barreira integra el Estudio Jur\u00eddico desde el a\u00f1o 2017.<\/p>\n<p><strong>Formaci\u00f3n:<\/strong><\/p>\n<ul>\n<li>Es Dr. en Derecho y Ciencias Sociales por la Facultad de Derecho de la Universidad de la Rep\u00fablica desde del a\u00f1o .<\/li>\n<\/ul>\n<p>Actividad acad\u00e9mica:<\/p>\n<ul>\n<li>Profesor Aspirante de Derecho Procesal en la Facultad de Derecho de la Universidad de Montevideo.<\/li>\n<li>Integra el proyecto de recopilaci\u00f3n de Jurisprudencia sobre Derecho Administrativo de Universidad de Montevideo.<\/li>\n<\/ul>\n<p><strong>Membresia del Colegio de Abogados y C\u00e1mara de Comercio Suizo-Uruguaya.<\/strong><\/p>\n<p>[\/et_pb_team_member][\/et_pb_column][\/et_pb_row][\/et_pb_section]<\/p>\n","protected":false},"excerpt":{"rendered":"<p>[et_pb_section admin_label=\u00bbsection\u00bb transparent_background=\u00bboff\u00bb background_color=\u00bbrgba(114,114,114,0.28)\u00bb allow_player_pause=\u00bboff\u00bb inner_shadow=\u00bboff\u00bb parallax=\u00bboff\u00bb parallax_method=\u00bboff\u00bb padding_mobile=\u00bboff\u00bb make_fullwidth=\u00bboff\u00bb use_custom_width=\u00bboff\u00bb width_unit=\u00bbon\u00bb make_equal=\u00bboff\u00bb use_custom_gutter=\u00bboff\u00bb][et_pb_row admin_label=\u00bbrow\u00bb][et_pb_column type=\u00bb4_4&#8243;][et_pb_team_member admin_label=\u00bbPersona\u00bb image_url=\u00bbhttps:\/\/pabloduran.com\/webnew\/wp-content\/uploads\/2018\/04\/seba.png\u00bb animation=\u00bboff\u00bb background_layout=\u00bblight\u00bb body_font=\u00bbRoboto Light|on|||\u00bb body_text_color=\u00bb#000000&#8243; use_border_color=\u00bboff\u00bb border_color=\u00bb#ffffff\u00bb border_style=\u00bbsolid\u00bb] El Dr. Sebastian Barreira integra el Estudio Jur\u00eddico desde el a\u00f1o 2017. Formaci\u00f3n: Es Dr. en Derecho y Ciencias Sociales por la Facultad de Derecho de la Universidad de [&hellip;]<\/p>\n","protected":false},"author":2,"featured_media":0,"parent":0,"menu_order":0,"comment_status":"closed","ping_status":"closed","template":"","meta":{"_et_pb_use_builder":"on","_et_pb_old_content":""},"_links":{"self":[{"href":"https:\/\/pabloduran.com\/webnew\/wp-json\/wp\/v2\/pages\/735"}],"collection":[{"href":"https:\/\/pabloduran.com\/webnew\/wp-json\/wp\/v2\/pages"}],"about":[{"href":"https:\/\/pabloduran.com\/webnew\/wp-json\/wp\/v2\/types\/page"}],"author":[{"embeddable":true,"href":"https:\/\/pabloduran.com\/webnew\/wp-json\/wp\/v2\/users\/2"}],"replies":[{"embeddable":true,"href":"https:\/\/pabloduran.com\/webnew\/wp-json\/wp\/v2\/comments?post=735"}],"version-history":[{"count":2,"href":"https:\/\/pabloduran.com\/webnew\/wp-json\/wp\/v2\/pages\/735\/revisions"}],"predecessor-version":[{"id":751,"href":"https:\/\/pabloduran.com\/webnew\/wp-json\/wp\/v2\/pages\/735\/revisions\/751"}],"wp:attachment":[{"href":"https:\/\/pabloduran.com\/webnew\/wp-json\/wp\/v2\/media?parent=735"}],"curies":[{"name":"wp","href":"https:\/\/api.w.org\/{rel}","templated":true}]}}