{"id":636,"date":"2018-07-24T12:37:52","date_gmt":"2018-07-24T12:37:52","guid":{"rendered":"https:\/\/pabloduran.com\/webnew\/?page_id=636"},"modified":"2023-10-20T14:02:00","modified_gmt":"2023-10-20T17:02:00","slug":"pablo-duran","status":"publish","type":"page","link":"https:\/\/pabloduran.com\/webnew\/pablo-duran\/","title":{"rendered":"Pablo Duran"},"content":{"rendered":"<p>[et_pb_section bb_built=\u00bb1&#8243; admin_label=\u00bbsection\u00bb transparent_background=\u00bboff\u00bb background_color=\u00bbrgba(201,201,201,0.18)\u00bb allow_player_pause=\u00bboff\u00bb inner_shadow=\u00bboff\u00bb parallax=\u00bboff\u00bb parallax_method=\u00bboff\u00bb padding_mobile=\u00bboff\u00bb make_fullwidth=\u00bboff\u00bb use_custom_width=\u00bboff\u00bb width_unit=\u00bbon\u00bb make_equal=\u00bboff\u00bb use_custom_gutter=\u00bboff\u00bb custom_padding_tablet=\u00bb50px|0|50px|0&#8243; custom_padding_last_edited=\u00bbon|desktop\u00bb][et_pb_row admin_label=\u00bbrow\u00bb background_position=\u00bbtop_left\u00bb background_repeat=\u00bbrepeat\u00bb background_size=\u00bbinitial\u00bb][et_pb_column type=\u00bb4_4&#8243;][et_pb_team_member image_url=\u00bbhttps:\/\/pabloduran.com\/webnew\/wp-content\/uploads\/2020\/08\/WhatsApp-Image-2020-07-29-at-09.43.22.jpeg\u00bb use_border_color=\u00bboff\u00bb header_font=\u00bbRoboto Light|on|||\u00bb header_text_color=\u00bb#000000&#8243; body_font=\u00bbRoboto Light|on|||\u00bb body_text_color=\u00bb#000000&#8243; background_position=\u00bbtop_left\u00bb background_repeat=\u00bbrepeat\u00bb background_size=\u00bbinitial\u00bb _builder_version=\u00bb3.21.3&#8243; z_index_tablet=\u00bb500&#8243;]<\/p>\n<p>El Dr. Pablo Duran es Abogado desde el a\u00f1o 1987, habiendo desempe\u00f1ado cargos p\u00fablicos de relevancia tanto en la \u00f3rbita de Salud P\u00fablica, Banco de Seguridad Social y del Banco de Previsi\u00f3n Social, lo que compatibilizo con el ejercicio ininterrumpido con la profesi\u00f3n de abogado desde hace m\u00e1s de 35 a\u00f1os.<\/p>\n<p><strong>Ocupo distintos cargos p\u00fablicos:<\/strong><\/p>\n<ul>\n<li>Abogado del Ministerio de Trabajo y Seguridad Social (1990 &#8211; 1991)<\/li>\n<li>Director Administrativo de A.S.S.E (M.S.P) (1991 &#8211; 1995)<\/li>\n<li>Sub Inspector General del Ministerio de Trabajo y Seguridad Social (1995 &#8211; 2005)<\/li>\n<li>Director suplente del directorio del Banco de Previsi\u00f3n Social proclamado por la Corte Electoral para integrar el Directorio del Banco de Previsi\u00f3n Social en representaci\u00f3n de las empresas contribuyentes, electo en elecci\u00f3n de representantes efectuada el 26 Marzo de 2006 (2006 &#8211; 2010)<\/li>\n<li>Designado para ocupar el Directorio del Banco de Previsi\u00f3n Social (en la calidad indicada precedentemente a\u00f1o 2007)<\/li>\n<\/ul>\n<p><strong>Desempe\u00f1o su actividad docente seg\u00fan se detalla:<\/strong><\/p>\n<ul>\n<li>Aspirante a la C\u00e1tedra de Derecho Civil I &#8211; IV en la Universidad de la Rep\u00fablica ( 1993)<\/li>\n<li>Docente de Derecho Privado I y IV (Concurso de M\u00e9ritos para iniciar carrera docente(Aspirant\u00eda) Facultad de Derecho(1995)<\/li>\n<li>Ayudante en la asignatura Derecho Privado I (Curso reglamentado) Facultad de Derecho (1997 &#8211; 1998)<\/li>\n<\/ul>\n<p><strong>En \u00e1mbitos del derecho del trabajo desde el a\u00f1o 2006 a la actualidad:<\/strong><\/p>\n<ul>\n<li>Delegado titular integrante del Consejo Superior Tripartito Integrado por el Poder Ejecutivo, PIT-CNT y C\u00e1maras Empresariales, en representaci\u00f3n del sector empresarial.<\/li>\n<li>Delegado titular en representaci\u00f3n de ASIQUR(Asociaci\u00f3n de Industrias Qu\u00edmicas del Uruguay)en la Comisi\u00f3n Tripartita Nacional de la industria Qu\u00edmica (Comisi\u00f3n derivad de la CONNASAAT)<\/li>\n<li>Delegado titular Empresarial en los Consejos de Salarios A\u00f1os 2005\/2006\/2008\/2010\/2013 en Grupo 7: Industria Qu\u00edmica, sub Grupo 2 Qu\u00edmica.<\/li>\n<li>Delegado titular Empresarial de los Consejos de Salarios A\u00f1os 2005\/2006\/2008\/2010\/2013 en el Grupo 7: Industria Qu\u00edmica, sub Grupo 3 Pinturas.<\/li>\n<li>Delegado titular Empresarial en los Consejos de Salarios A\u00f1os 2005\/2006\/2008\/2011\/2013 en el grupo 7: Industria Qu\u00edmica, Sub Grupo Perfumer\u00edas.<\/li>\n<li>Delegado titular Empresarial en los Consejos de Salarios A\u00f1os 2005\/2006\/2008\/2011\/2013 en el grupo 20 : Asociaciones Civiles &#8211; Gremiales.<\/li>\n<li>Delegado titular Empresarial en los Consejos de Salarios A\u00f1os 2005\/2006\/2008\/2011\/2013 en el grupo 10: Sub Grupo: Farmacias<\/li>\n<li>Delegado titular Empresarial en los Consejos de Salarios A\u00f1os 2005\/2006\/2008\/2010\/2013 en el grupo 1: Sub Grupo F\u00e1bricas de Pastas.<\/li>\n<li>Delegado titular Empresarial en los Consejos de Salarios A\u00f1os 2008\/2010\/2013 en el grupo 10: Comercio: Sub Grupo: Distribuidora de especialidades Farmac\u00e9uticas.<\/li>\n<li>Consejo de Salarios Producci\u00f3n Supergas: Grupo 10. Consejo de Salarios 6ta. ronda. A\u00f1o 2016.<\/li>\n<li>Delegado Titular Empresarial en los Consejos de Salarios a\u00f1o 2016; en el Grupo 20: Sub Grupo: Entidades Deportivas<\/li>\n<li>Delegado Titular Empresarial en los Consejos de Salarios A\u00f1o 2016: Grupo 14: Intermediaci\u00f3n: Sub Grupo 06: Empresas Servicios Financieros.<\/li>\n<li>Abogado Laboral designado por 24 c\u00e1maras empresariales para su representaci\u00f3n ante la comisi\u00f3n tripartita (MTSS &#8211; PIT-CNT -C\u00c1MARAS EMPRESARIALES): Tema: Ley de Tercerizaciones &#8211; Sub contrataci\u00f3n laboral.<\/li>\n<li>Abogado Laboral Designado por 24 c\u00e1maras empresariales con fecha 28\/11\/2007 en su representaci\u00f3n para integrar el consejo superior tripartito &#8211; consejo de salarios &#8211; comisi\u00f3n de clasificaci\u00f3n de grupos de actividad y sub grupos.<\/li>\n<li>Abogado Laboral Designado por 24 c\u00e1maras empresariales para discutir en diverso \u00e1mbitos tema: nueva ley de negociaci\u00f3n colectiva.<\/li>\n<li>Abogado laboral designado por las 24 c\u00e1maras empresariales del Uruguay para exponer frente a los senadores del parlamento nacional, sobre proyecto de ley de negociaci\u00f3n colectiva: su visi\u00f3n empresarial, en la c\u00e1mara de comercio, el d\u00eda 17\/08\/2009.<\/li>\n<li>Abogado laboral designado por 24 c\u00e1maras empresariales para integrar la comisi\u00f3n intersectorial convocada por el MTSS para el dialogo por el empleo (MTSS &#8211; PIT-CNT &#8211; CAMARAS EMPRESARIALES).<\/li>\n<\/ul>\n<p><strong>Otras Actividades<\/strong><\/p>\n<ul>\n<li>Abogado contratado del Banco Comercial (1990 &#8211; 2003).<\/li>\n<li>Abogado externo del Banco Comercial \u00abGesti\u00f3n Recupero de Cr\u00e9ditos\u00bb (1995 &#8211; 2002).<\/li>\n<li>Abogado asesor laboral del Nuevo Banco Central\u00a0 (2004 &#8211; 2012).<\/li>\n<li>Abogado del Banco Central del Uruguay \u00abFondo de Recuperaci\u00f3n de Patrimonio Bancario del Banco Comercial\u00bb (2003 &#8211; Act.).<\/li>\n<\/ul>\n<p><strong>Congresos, Seminarios, Cursos, Talleres, etc.<\/strong><\/p>\n<ul>\n<li>Curso de Derecho de Familia \u00abColegio de Abogados\u00bb (Agosto\/ Setiembre 1988).<\/li>\n<li>Seminario sobre el C\u00f3digo General del Proceso \u00abC.E, de Derecho y Facultad de Derecho y C. Sociales\u00bb (Agosto 1989).<\/li>\n<li>Tercera Jornada Uruguayas de Derecho de Trabajo \u00abAsociaci\u00f3n Uruguaya del Derecho del Trabajo\u00bb (Setiembre 1990).<\/li>\n<li>Segundo Congreso Interamericano Jur\u00eddico de la Seguridad Social \u00abConferencia Interamericana de Seguridad Social\u00bb (Octubre 1990).<\/li>\n<li>Primer Jornada de Derecho Ley N\u00ba. 15.982 \u00abColegio de Abogados de Pando\u00bb (Noviembre 1990).<\/li>\n<li>Jornada sobre Alcoholismo y Trabajo \u00abMinisterio de Salud Publica y Ministerio de Trabajo y de la Seguridad Social\u00bb (Mayo 1991).<\/li>\n<li>Cuarta Jornadas Uruguayas del Derecho del Trabajo \u00abAsociaci\u00f3n Uruguaya del Derecho del Trabajo\u00bb (Octubre 1991).<\/li>\n<li>Quinto encuentro nacional de directores y sub-directores administrativos de hospitales. Concurre en calidad de Expositor \u00abAsociaci\u00f3n de Administradores de Hospitales\u00bb\u00a0(Octubre 1991).<\/li>\n<li>Sexta Jornada Rioplatense de Derecho del Trabajo \u00abColegio de Abogados de San Isidro (Rep\u00fablica Argentina) y Colegio de Abogados de Maldonado\u00bb (Noviembre 1991).<\/li>\n<li>Segundo Seminario de taller sobre Salud y Comunicaci\u00f3n social \u00abMinisterio de Salud Publica\u00bb (Noviembre 1991).<\/li>\n<li>Congreso Latinoamericano Promoci\u00f3n de Salud, Participante en representaci\u00f3n del M.S.P, Santa Cruz de la Sierra, Bolivia \u00abOrganizaci\u00f3n Panamericana de la Salud\u00bb (Abril 1992).<\/li>\n<li>Primera Jornada de Derecho de Familia y Menores \u00abInstituto Uruguayo de Derecho de Familia\u00bb (Mayo 1992).<\/li>\n<li>Conferencia sobre Servicios de Salud en el Uruguay, Expositor, \u00abCentro de Estudios Altamente Especializados\u00bb (Agosto 1992).<\/li>\n<li>Sexto encuentro nacional de directores y sub-directores administrativos de hospitales. Concurre en calidad de Expositor \u00abAsociaci\u00f3n de Administradores de Hospitales\u00bb (Setiembre 1992).<\/li>\n<li>Master de Derecho de la Empresa, realizado en el Instituto de Estudios Empresariales de Montevideo. Tema: Derecho de las Sociedades Comerciales\u00bb (Marzo 1993).<\/li>\n<li>Master de Derecho de la Empresa, realizado en el Instituto de Estudios Empresariales de Montevideo. Tema: La Contrataci\u00f3n Administrativa (Marzo 1993).<\/li>\n<li>S\u00e9ptima Jornada Rioplatense de Derecho del trabajo\u00a0 \u00abAsociaci\u00f3n Argentina de Derecho del Trabajo y de la Seguridad Social y Asociaci\u00f3n Uruguaya de Derecho del Trabajo y de la Seguridad Social\u00bb (Mayo 1993).<\/li>\n<li>Duod\u00e9cima Encuentro de Psiquiatras del Interior, Expositor, Tema: Financiamiento de los Servicios Psiqui\u00e1tricos del Interior (Mayo 1993).<\/li>\n<li>Sexto encuentro nacional de directores y sub-directores administrativos de hospitales. Concurre en calidad de Expositor \u00abAsociaci\u00f3n de Administradores de Hospitales\u00bb (Octubre 1993).<\/li>\n<li>Congreso Interamericano Colombia, Bogota, Expositor en representaci\u00f3n del M.S.P. Tema: La Municipalizacion de los Servicios de Salud. \u00abOrganizaci\u00f3n Panamericana de Salud\u00bb. (Noviembre 1993).<\/li>\n<li>Sextas Jornadas Uruguayas de Derecho del Trabajo, \u00abAsociaci\u00f3n Uruguaya de Derecho del Trabajo y la Seguridad Social, Colegio de Abogados del Uruguay y Colegio de Abogados del Departamento de Maldonado\u00bb (Junio 1994).<\/li>\n<li>Vig\u00e9simo cuarto Reuni\u00f3n Mundial de Ministros de Salud Publica, Washington, E.E.U.U, Representado al Uruguay en Consejo Ejecutivo de la Organizaci\u00f3n Mundial de la Salud (Octubre 1994).<\/li>\n<li>Centro de Postgrado. Curso para Graduados. Tema: Modificaciones al Texto Actual del C\u00f3digo Civil Vigente a partir del 19 de Octubre de 1995. (Mayo 1995).<\/li>\n<li>Segunda Jornada de Derecho de Familia \u00abLa Revista Uruguaya de Derecho de Familia\u00bb (Agosto 1995).<\/li>\n<li>Enfoques contempor\u00e1neos del Derecho de Familia II \u00abInstituto de Derecho Privado I y VI de la Facultad de Derecho y Ciencias Sociales. (Setiembre 1995).<\/li>\n<li>Curso para Graduados,\u00bbInstituto de Derecho Laboral\u00bb (Diciembre 1987).<\/li>\n<li>S\u00e9ptima Jornada Uruguaya de Derecho del Trabajo, \u00abAsociaci\u00f3n Uruguaya del Derecho del Trabajo, Rivera\u00bb (Setiembre 1995).<\/li>\n<li>Curso de Post Grado para Egresados, sobre la teor\u00eda del acto legislativo. (Setiembre 1995).<\/li>\n<li>Seminario sobre promoci\u00f3n de Salud en Am\u00e9rica Latina, Bolivia. (Octubre 1995).<\/li>\n<li>Congreso Internacional de Derecho del Trabajo, Bah\u00eda, Brasil.(Octubre 1996).<\/li>\n<li>Octava Jornada Uruguaya de Derecho del Trabajo y Seguridad Social. (Noviembre 1996).<\/li>\n<li>D\u00e9cimo quinto Congreso Mundial de Derecho del Trabajo y de la Seguridad Social, Minas (Noviembre 1997).<\/li>\n<li>Tercer Congreso de Relaciones Laborales en el Uruguay- Primer Congreso del Cono Sur- Montevideo, Uruguay (Octubre 1998).<\/li>\n<li>Cuarto Congreso Regional Americano de Derecho del Trabajo y de la Seguridad Social, Santiago de Chile. (Noviembre 1998).<\/li>\n<li>D\u00e9cima Jornadas Uruguayas de Derecho del Trabajo y de la Seguridad Social, Tacuarembo.(Diciembre 1998).<\/li>\n<li>Seminario Te\u00f3rico Practico sobre Contrataci\u00f3n de Empresas Unipersonales y Profesionales Universitarios.(Setiembre 1999).<\/li>\n<li>D\u00e9cima primera Jornada Uruguaya de Derecho de Trabajo y de la Seguridad Social, Salto. (Octubre 1999).<\/li>\n<li>\u00a0D\u00e9cima primera Jornada Rioplatenses de Derecho del Trabajo y de la Seguridad Social.(Junio 2000).<\/li>\n<li>D\u00e9cimo segunda Jornada Uruguaya del Derecho del Trabajo y de la Seguridad Social.(Noviembre 2000).<\/li>\n<li>D\u00e9cimo segunda Jornada Rioplatense del Derecho del Trabajo y de la Seguridad Social, C\u00f3rdoba. (Mayo 2001).<\/li>\n<li>D\u00e9cimo Tercera Jornada Uruguaya del Derecho del Trabajo y Seguridad Social. (Noviembre 2001).<\/li>\n<li>OIT, Trabajo Decente y Dialogo Social. (Mayo 2002).<\/li>\n<li>D\u00e9cimo cuarta Jornada Nacional de Derecho de Trabajo y Seguridad Social. (Octubre 2002).<\/li>\n<li>Tercera Jornada Internacional de Relaciones Laborales, Relaciones Laborales y Genero. (Mayo 2003).<\/li>\n<li>Curso de Crisis Bancaria Uruguaya. (Junio 2003).<\/li>\n<li>D\u00e9cimo s\u00e9ptimo Congreso Mundial de Derecho de Trabajo y de la Seguridad Social. (Setiembre 2003).<\/li>\n<li>KPMG: El Fideicomiso como Instrumento de Negocios Financieros.(Octubre 2003).<\/li>\n<li>Master Group: Fideicomiso. (Diciembre 2003).<\/li>\n<li>Curso sobre Protecci\u00f3n Jur\u00eddica del Cliente Bancario. (Mayo 2004).<\/li>\n<li>Protecci\u00f3n Jur\u00eddica del Consumidor. (Setiembre 2004).<\/li>\n<li>D\u00e9cimo quinto Jornada Nacional de Derecho del Trabajo y de la Seguridad Social. (Diciembre 2004).<\/li>\n<li>Conferencia sobre nuevo escenario de las relaciones laborales en Uruguay \u00abCADE\u00bb. (Abril 2005)<\/li>\n<li>D\u00e9cimo sexta Jornada Nacional de Derecho del Trabajo y de la Seguridad Social. (Agosto 2005).<\/li>\n<li>D\u00e9cimo cuarta Jornada Rioplatense de Derecho del Trabajo y de la Seguridad Social.(Octubre 2005).<\/li>\n<li>Nueva Ley de Fuero Sindical, \u00abCADE\u00bb. (Marzo 2006).<\/li>\n<li>Ley de Tercerizaciones, \u00abCADE\u00bb.(Abril 2007).<\/li>\n<li>Nuevo R\u00e9gimen de Prescripci\u00f3n de Cr\u00e9ditos Laborales, \u00abCADE\u00bb . (Abril 2007)<\/li>\n<li>Segundo Encuentro de Jueces en Materia Laboral, \u00abAsociaci\u00f3n de Magistrados del Uruguay\u00bb. (Mayo 2007).<\/li>\n<li>Congreso, Impuesto a la Renta de las Personas F\u00edsicas, Rentas del Trabajo, \u00abC.A.D.E\u00bb. (Mayo 2007).<\/li>\n<li>Congreso, Incidencia de la Reforma Tributaria en el Derecho del Trabajo y de la Seguridad Social. (Julio 2007).<\/li>\n<li>D\u00e9cimo s\u00e9ptima Jornada Uruguaya del Derecho del Trabajo y la Seguridad Social. (Octubre 2007).<\/li>\n<li>Jornada CADE: El Nuevo Escenario de las Relaciones Laborales en el Uruguay.(Abril 2008).<\/li>\n<li>Cuarto Encuentro de Magistrados de Derecho Laboral. (Junio 2008).<\/li>\n<li>D\u00e9cimo novena Jornada de Derecho del Trabajo y de la Seguridad Social.(Noviembre 2008).<\/li>\n<li>Asociaci\u00f3n Cultural Oriental entrega Medalla al Dr. Pablo Duran \u00abAl Merito Oriental\u00bb. (Mayo 2009).<\/li>\n<li>Quinto Encuentro de Magistrados de Derecho del Trabajo en Homenaje al Dr. Am\u00e9rica Pla Rodriguez.(Agosto 2009).<\/li>\n<li>Vig\u00e9sima Jornada Uruguaya de Derecho del Trabajo y de la Seguridad Social.(Diciembre 2009).<\/li>\n<li>Sexta Jornada Laborales en Memoria del Prof Hugo Barbagelata \u00abAsociaci\u00f3n de Magistrados del Uruguay\u00bb. (Setiembre 2010).<\/li>\n<li>Vig\u00e9sima primera Jornada Uruguaya de Derecho del Trabajo y de la Seguridad Social. (Noviembre 2010).<\/li>\n<li>S\u00e9ptimo Encuentro de Magistrados de Derecho Laboral. (Setiembre 2011).<\/li>\n<li>Vig\u00e9sima segunda Jornada Uruguaya de Derecho del Trabajo y de la Seguridad Social. (Noviembre 2011).<\/li>\n<li>Octavo Encuentro de Jueces Laborales en Homenaje al Dr. Helio Sartou.(Octubre 2012)<\/li>\n<li>Vig\u00e9sima tercera\u00a0Jornada Uruguaya de Derecho del Trabajo y de la Seguridad Social. (Noviembre 2012).<\/li>\n<li>Taller sobre Consejo de Salarios. Expositores: Ministro Eduardo Brenta, Milton Castellano y Dr, Jorge Rossembaun. (Diciembre 2012).<\/li>\n<li>D\u00e9cima octava Jornada Rioplatense de Derecho del Trabajo de la Seguridad Social.(Agosto 2013).<\/li>\n<li>Noveno Encuentro de Jueces Laborales.(Octubre 2013).<\/li>\n<li>CADE: Reformas recientes al Sistema de Seguridad Social.(Marzo 2014).<\/li>\n<li>D\u00e9cimo Encuentro de Jueces en Materia Labora, \u00abAsociaci\u00f3n de Magistrados del Uruguay\u00bb. (Octubre 2014).<\/li>\n<li>D\u00e9cimo primero Jornada de Derecho Laboral: Alcohol y Drogas en la Relaci\u00f3n de Trabajo: Un enfoque Multidisciplinario. (Octubre 2015).<\/li>\n<li>Vig\u00e9simo s\u00e9ptima Jornada Uruguaya de Derecho del Trabajo y de la Seguridad Social. (Octubre 2016).<\/li>\n<\/ul>\n<p><strong>Publicaciones.<\/strong><\/p>\n<ul>\n<li>Publicaciones en Revistas Acad\u00e9micas:\n<ul>\n<li>Ley de Responsabilidad Penal Empresarial: \u00bfEs preferible una mala e inconstitucional ley a que no haya ley?.<\/li>\n<li>Arbitraje: una forma \u00e1gil y r\u00e1pida de soluci\u00f3n de conflictos colectivos.<\/li>\n<li>\u00bfCual es el plazo, ante una situaci\u00f3n de adopci\u00f3n de un menor de edad, de la licencia especial en favor del adoptante?.<\/li>\n<li>Ley N\u00ba. 19.313 trabajo nocturno: una regulaci\u00f3n legislativa que atenta contra la negociaci\u00f3n colectiva.<\/li>\n<li>Cannabis: marco legal y dispensaci\u00f3n en farmacias.<\/li>\n<li>Cannabis y la comercializaci\u00f3n por el cana farmacias: \u00fanico y exclusivo por mandato legal.<\/li>\n<\/ul>\n<\/li>\n<li>Publicaciones en Revistas Gremiales:\n<ul>\n<li>Presentaci\u00f3n en Libro de Ponencias Oficiales en \u00abXX Jornadas Uruguayas de Derecho del Trabajo\u00bb : Tema \u00abLa negociaci\u00f3n colectiva: Sujeto colectivo el sindicato: \u00bf\u00fanico o preferente?.<\/li>\n<li>Realizo varias ponencias y presentaciones en C\u00e1maras Empresariales, Foros sobre diversos temas laborales:\n<ul>\n<li>Ley de negociaci\u00f3n colectiva<\/li>\n<li>Consejo de Salarios.<\/li>\n<li>Tercerizaciones:<\/li>\n<li>Nuevo proceso laboral<\/li>\n<li>Seguridad e higiene laboral<\/li>\n<\/ul>\n<\/li>\n<li>Riesgos Qu\u00edmicos,<\/li>\n<li>Acoso laboral.<\/li>\n<li>Acoso Sexual.<\/li>\n<li>Etc.<\/li>\n<\/ul>\n<\/li>\n<\/ul>\n<p>[\/et_pb_team_member][\/et_pb_column][\/et_pb_row][\/et_pb_section]<\/p>\n","protected":false},"excerpt":{"rendered":"<p>[et_pb_section bb_built=\u00bb1&#8243; admin_label=\u00bbsection\u00bb transparent_background=\u00bboff\u00bb background_color=\u00bbrgba(201,201,201,0.18)\u00bb allow_player_pause=\u00bboff\u00bb inner_shadow=\u00bboff\u00bb parallax=\u00bboff\u00bb parallax_method=\u00bboff\u00bb padding_mobile=\u00bboff\u00bb make_fullwidth=\u00bboff\u00bb use_custom_width=\u00bboff\u00bb width_unit=\u00bbon\u00bb make_equal=\u00bboff\u00bb use_custom_gutter=\u00bboff\u00bb custom_padding_tablet=\u00bb50px|0|50px|0&#8243; custom_padding_last_edited=\u00bbon|desktop\u00bb][et_pb_row admin_label=\u00bbrow\u00bb background_position=\u00bbtop_left\u00bb background_repeat=\u00bbrepeat\u00bb background_size=\u00bbinitial\u00bb][et_pb_column type=\u00bb4_4&#8243;][et_pb_team_member image_url=\u00bbhttps:\/\/pabloduran.com\/webnew\/wp-content\/uploads\/2020\/08\/WhatsApp-Image-2020-07-29-at-09.43.22.jpeg\u00bb use_border_color=\u00bboff\u00bb header_font=\u00bbRoboto Light|on|||\u00bb header_text_color=\u00bb#000000&#8243; body_font=\u00bbRoboto Light|on|||\u00bb body_text_color=\u00bb#000000&#8243; background_position=\u00bbtop_left\u00bb background_repeat=\u00bbrepeat\u00bb background_size=\u00bbinitial\u00bb _builder_version=\u00bb3.21.3&#8243; z_index_tablet=\u00bb500&#8243;] El Dr. Pablo Duran es Abogado desde el a\u00f1o 1987, habiendo desempe\u00f1ado cargos p\u00fablicos de relevancia tanto en la \u00f3rbita [&hellip;]<\/p>\n","protected":false},"author":2,"featured_media":0,"parent":0,"menu_order":0,"comment_status":"closed","ping_status":"closed","template":"","meta":{"_et_pb_use_builder":"on","_et_pb_old_content":""},"_links":{"self":[{"href":"https:\/\/pabloduran.com\/webnew\/wp-json\/wp\/v2\/pages\/636"}],"collection":[{"href":"https:\/\/pabloduran.com\/webnew\/wp-json\/wp\/v2\/pages"}],"about":[{"href":"https:\/\/pabloduran.com\/webnew\/wp-json\/wp\/v2\/types\/page"}],"author":[{"embeddable":true,"href":"https:\/\/pabloduran.com\/webnew\/wp-json\/wp\/v2\/users\/2"}],"replies":[{"embeddable":true,"href":"https:\/\/pabloduran.com\/webnew\/wp-json\/wp\/v2\/comments?post=636"}],"version-history":[{"count":14,"href":"https:\/\/pabloduran.com\/webnew\/wp-json\/wp\/v2\/pages\/636\/revisions"}],"predecessor-version":[{"id":1122,"href":"https:\/\/pabloduran.com\/webnew\/wp-json\/wp\/v2\/pages\/636\/revisions\/1122"}],"wp:attachment":[{"href":"https:\/\/pabloduran.com\/webnew\/wp-json\/wp\/v2\/media?parent=636"}],"curies":[{"name":"wp","href":"https:\/\/api.w.org\/{rel}","templated":true}]}}