{"id":39,"date":"2017-08-01T14:47:17","date_gmt":"2017-08-01T14:47:17","guid":{"rendered":"https:\/\/pabloduran.com\/webnew\/?page_id=39"},"modified":"2019-04-22T19:13:32","modified_gmt":"2019-04-22T19:13:32","slug":"inicio","status":"publish","type":"page","link":"https:\/\/pabloduran.com\/webnew\/","title":{"rendered":"Inicio"},"content":{"rendered":"<p>[et_pb_section admin_label=\u00bbsection\u00bb transparent_background=\u00bboff\u00bb allow_player_pause=\u00bboff\u00bb inner_shadow=\u00bboff\u00bb parallax=\u00bboff\u00bb parallax_method=\u00bbon\u00bb padding_mobile=\u00bboff\u00bb make_fullwidth=\u00bboff\u00bb use_custom_width=\u00bboff\u00bb width_unit=\u00bboff\u00bb make_equal=\u00bboff\u00bb use_custom_gutter=\u00bboff\u00bb fullwidth=\u00bbon\u00bb specialty=\u00bboff\u00bb disabled=\u00bboff\u00bb background_color=\u00bbrgba(201,201,201,0.55)\u00bb][et_pb_fullwidth_image admin_label=\u00bbImagen de anchura completa\u00bb src=\u00bbhttps:\/\/pabloduran.com\/webnew\/wp-content\/uploads\/2017\/08\/mesa-1.jpg\u00bb show_in_lightbox=\u00bboff\u00bb url_new_window=\u00bboff\u00bb use_overlay=\u00bboff\u00bb animation=\u00bbleft\u00bb use_border_color=\u00bboff\u00bb border_color=\u00bb#ffffff\u00bb border_style=\u00bbsolid\u00bb]<\/p>\n<p>&nbsp;<\/p>\n<p>[\/et_pb_fullwidth_image][\/et_pb_section][et_pb_section admin_label=\u00bbSecci\u00f3n\u00bb fullwidth=\u00bboff\u00bb specialty=\u00bboff\u00bb transparent_background=\u00bboff\u00bb allow_player_pause=\u00bboff\u00bb inner_shadow=\u00bboff\u00bb parallax=\u00bboff\u00bb parallax_method=\u00bboff\u00bb padding_mobile=\u00bboff\u00bb make_fullwidth=\u00bboff\u00bb use_custom_width=\u00bboff\u00bb width_unit=\u00bbon\u00bb make_equal=\u00bboff\u00bb use_custom_gutter=\u00bboff\u00bb background_color=\u00bbrgba(204,204,204,0.56)\u00bb][et_pb_row admin_label=\u00bbFila\u00bb][et_pb_column type=\u00bb4_4&#8243;][et_pb_text admin_label=\u00bbTexto\u00bb background_layout=\u00bblight\u00bb text_orientation=\u00bbleft\u00bb header_font=\u00bbCuprum||||\u00bb header_font_size=\u00bb19px\u00bb header_text_color=\u00bb#000000&#8243; use_border_color=\u00bboff\u00bb border_color=\u00bb#ff3d3d\u00bb border_style=\u00bbridge\u00bb text_text_color=\u00bb#000000&#8243; text_line_height=\u00bb1.8em\u00bb text_font=\u00bbRoboto Light||||\u00bb]<\/p>\n<p style=\"text-align: justify;\"><a href=\"https:\/\/pabloduran.com\/webnew\/wp-content\/uploads\/2017\/08\/prueba.png\"><img loading=\"lazy\" class=\"size-full wp-image-57 aligncenter\" src=\"https:\/\/pabloduran.com\/webnew\/wp-content\/uploads\/2017\/08\/prueba.png\" alt=\"\" width=\"200\" height=\"70\" \/><\/a><a href=\"https:\/\/pabloduran.com\/webnew\/wp-content\/uploads\/2017\/08\/paratexto.png\"><br \/>\n<\/a><\/p>\n<p style=\"text-align: justify;\"><strong>Nuestro Estudio tiene una trayectoria de m\u00e1s de 20 a\u00f1os en el ejercicio del Derecho Laboral principalmente, asesorando y asistiendo en la materia a empresas tanto en forma preventiva como frente a las controversias de cualquier naturaleza que se produzcan, desde las etapas previas a la concreci\u00f3n de la relaci\u00f3n de trabajo, su desarrollo y su extinci\u00f3n. Asimismo, somos especialistas en materia de Seguridad Social, asesorando a las empresas en todo lo relativo a dicha materia.<\/strong><\/p>\n<p><strong>Nuestra asistencia integral comprende indispensablemente, que contemos con profesionales especializados en el Derecho Civil, Comercial, Bancario, Administrativo, Aduanero, Tributario, Fiscal, etc.<\/strong><\/p>\n<p style=\"text-align: justify;\"><strong>Nuestra pol\u00edtica se orienta a la permanente actualizaci\u00f3n en la formaci\u00f3n de nuestros profesionales para ofrecerle<\/strong> <strong>a nuestros clientes la excelencia y eficiencia en los servicios jur\u00eddicos requeridos, garantizando los m\u00e1s altos est\u00e1ndares de responsabilidad y confidencialidad. Esto nos ha permitido contar con la confianza de diversas empresas de primer nivel del pa\u00eds y la regi\u00f3n.<\/strong><\/p>\n<p style=\"text-align: justify;\"><strong>Contamos con corresponsal\u00edas en diversos departamentos del interior del pa\u00eds, en Argentina y Brasil.<\/strong><\/p>\n<p>[\/et_pb_text][\/et_pb_column][\/et_pb_row][\/et_pb_section][et_pb_section admin_label=\u00bbsection\u00bb transparent_background=\u00bboff\u00bb allow_player_pause=\u00bboff\u00bb inner_shadow=\u00bboff\u00bb parallax=\u00bboff\u00bb parallax_method=\u00bboff\u00bb padding_mobile=\u00bboff\u00bb make_fullwidth=\u00bboff\u00bb use_custom_width=\u00bboff\u00bb width_unit=\u00bbon\u00bb make_equal=\u00bboff\u00bb use_custom_gutter=\u00bboff\u00bb fullwidth=\u00bboff\u00bb specialty=\u00bboff\u00bb disabled=\u00bboff\u00bb background_color=\u00bbrgba(198,198,198,0.56)\u00bb][et_pb_row admin_label=\u00bbrow\u00bb make_fullwidth=\u00bbon\u00bb use_custom_width=\u00bboff\u00bb width_unit=\u00bbon\u00bb use_custom_gutter=\u00bboff\u00bb gutter_width=\u00bb4&#8243; padding_mobile=\u00bboff\u00bb allow_player_pause=\u00bboff\u00bb parallax=\u00bboff\u00bb parallax_method=\u00bboff\u00bb make_equal=\u00bboff\u00bb column_padding_mobile=\u00bbon\u00bb background_color_1=\u00bbrgba(255,255,255,0)\u00bb parallax_1=\u00bboff\u00bb parallax_method_1=\u00bboff\u00bb parallax_2=\u00bboff\u00bb parallax_method_2=\u00bboff\u00bb parallax_3=\u00bboff\u00bb parallax_method_3=\u00bbon\u00bb parallax_4=\u00bboff\u00bb parallax_method_4=\u00bbon\u00bb disabled=\u00bboff\u00bb][et_pb_column type=\u00bb1_2&#8243;][et_pb_contact_form admin_label=\u00bbFormulario de contacto\u00bb captcha=\u00bbon\u00bb email=\u00bbadmin@pabloduran.com; duran@pabloduran.com\u00bb title=\u00bbEnvi\u00e9 su Consulta\u00bb use_redirect=\u00bboff\u00bb success_message=\u00bbMuchas gracias por comunicarse con nosotros. A la brevedad un abogado de nuestro staff se comunicara\u00bb input_border_radius=\u00bb0&#8243; module_id=\u00bbet_pb_contact_form_0&#8243; use_border_color=\u00bbon\u00bb border_color=\u00bb#930400&#8243; border_style=\u00bbridge\u00bb custom_button=\u00bbon\u00bb button_letter_spacing=\u00bb0&#8243; button_use_icon=\u00bbdefault\u00bb button_icon_placement=\u00bbright\u00bb button_on_hover=\u00bbon\u00bb button_letter_spacing_hover=\u00bb0&#8243; disabled=\u00bboff\u00bb form_background_color=\u00bbrgba(0,0,0,0)\u00bb title_text_color=\u00bb#000000&#8243; button_border_color=\u00bbrgba(147,0,0,0.91)\u00bb custom_css_after=\u00bbbody .et_pb_contact_form_0.et_pb_contact_form_container h1 { || || font-family: &#8216;Comfortaa&#8217;;|| font-size:35px;|| color: #040404;||font-weight:bold;||text-transform: uppercase;||}\u00bb title_font=\u00bbArimo||||\u00bb form_field_font_size=\u00bb13&#8243; form_field_text_color=\u00bb#000000&#8243; button_text_color_hover=\u00bb#ffffff\u00bb form_field_font=\u00bbRoboto Condensed||||\u00bb custom_css_captcha_label=\u00bbfont-family: &#8216;Roboto Light&#8217;;|| font-size:16px;|| color: #000000;||font-weight:bold;||text-transform: uppercase;||}\u00bb button_font=\u00bbRoboto Condensed|on||on|\u00bb button_text_color=\u00bb#000000&#8243;]<\/p>\n<p>[et_pb_contact_field field_id=\u00bbname\u00bb field_title=\u00bbNombre\u00bb field_type=\u00bbinput\u00bb required_mark=\u00bbon\u00bb fullwidth_field=\u00bbon\u00bb form_field_font_select=\u00bbdefault\u00bb form_field_font=\u00bb||||\u00bb use_border_color=\u00bboff\u00bb border_style=\u00bbsolid\u00bb] [\/et_pb_contact_field][et_pb_contact_field field_id=\u00bbEmail\u00bb field_title=\u00bbSu Email\u00bb field_type=\u00bbemail\u00bb required_mark=\u00bbon\u00bb fullwidth_field=\u00bboff\u00bb disabled=\u00bboff\u00bb form_field_font_select=\u00bbdefault\u00bb form_field_font=\u00bb||||\u00bb use_border_color=\u00bboff\u00bb border_style=\u00bbsolid\u00bb] [\/et_pb_contact_field][et_pb_contact_field field_id=\u00bbMessage\u00bb field_title=\u00bbMensaje\u00bb field_type=\u00bbtext\u00bb required_mark=\u00bbon\u00bb fullwidth_field=\u00bbon\u00bb input_border_radius=\u00bb0&#8243; disabled=\u00bboff\u00bb] [\/et_pb_contact_field][et_pb_contact_field field_id=\u00bbN\u00famero Telef\u00f3nico\u00bb field_title=\u00bbTel\u00e9fono\u00bb field_type=\u00bbinput\u00bb required_mark=\u00bbon\u00bb fullwidth_field=\u00bbon\u00bb form_field_font_select=\u00bbdefault\u00bb form_field_font=\u00bb||||\u00bb use_border_color=\u00bboff\u00bb border_style=\u00bbsolid\u00bb \/]<\/p>\n<p>[\/et_pb_contact_form][et_pb_text admin_label=\u00bbTexto\u00bb background_layout=\u00bblight\u00bb text_orientation=\u00bbleft\u00bb use_border_color=\u00bboff\u00bb border_style=\u00bbsolid\u00bb disabled=\u00bboff\u00bb border_color=\u00bb#ffffff\u00bb text_font=\u00bbRoboto Light||||\u00bb text_text_color=\u00bb#000000&#8243;]<\/p>\n<p style=\"text-align: center;\"><strong>Juncal 1378 &#8211; Esc. 402 &#8211; Edificio \u00abTorre X\u00bb<\/strong><\/p>\n<p style=\"text-align: center;\"><strong>Tel.(598) 2900 2408 &#8211; 2900 2175 &#8211; 2902 9577<\/strong><\/p>\n<p style=\"text-align: center;\"><strong>Montevideo, Uruguay &#8211; CP. 11000<\/strong><\/p>\n<p style=\"text-align: center;\"><strong>www.pabloduran.com<\/strong><\/p>\n<p>[\/et_pb_text][\/et_pb_column][et_pb_column type=\u00bb1_2&#8243;][et_pb_code admin_label=\u00bbC\u00f3digo\u00bb disabled=\u00bboff\u00bb]&lt;iframe src=\u00bbhttps:\/\/www.google.com\/maps\/embed?pb=!1m18!1m12!1m3!1d3272.023220465101!2d-56.203148385241796!3d-34.905866781053625!2m3!1f0!2f0!3f0!3m2!1i1024!2i768!4f13.1!3m3!1m2!1s0x959f802a52111e19%3A0xc4404800034d8b9a!2sJuncal+1378%2C+11000+Montevideo!5e0!3m2!1ses!2suy!4v1501633443511&#8243; width=\u00bb600&#8243; height=\u00bb450&#8243; frameborder=\u00bb0&#8243; style=\u00bbborder:0&#8243; allowfullscreen&gt;&lt;\/iframe&gt;[\/et_pb_code][\/et_pb_column][\/et_pb_row][\/et_pb_section]<\/p>\n","protected":false},"excerpt":{"rendered":"<p>[et_pb_section admin_label=\u00bbsection\u00bb transparent_background=\u00bboff\u00bb allow_player_pause=\u00bboff\u00bb inner_shadow=\u00bboff\u00bb parallax=\u00bboff\u00bb parallax_method=\u00bbon\u00bb padding_mobile=\u00bboff\u00bb make_fullwidth=\u00bboff\u00bb use_custom_width=\u00bboff\u00bb width_unit=\u00bboff\u00bb make_equal=\u00bboff\u00bb use_custom_gutter=\u00bboff\u00bb fullwidth=\u00bbon\u00bb specialty=\u00bboff\u00bb disabled=\u00bboff\u00bb background_color=\u00bbrgba(201,201,201,0.55)\u00bb][et_pb_fullwidth_image admin_label=\u00bbImagen de anchura completa\u00bb src=\u00bbhttps:\/\/pabloduran.com\/webnew\/wp-content\/uploads\/2017\/08\/mesa-1.jpg\u00bb show_in_lightbox=\u00bboff\u00bb url_new_window=\u00bboff\u00bb use_overlay=\u00bboff\u00bb animation=\u00bbleft\u00bb use_border_color=\u00bboff\u00bb border_color=\u00bb#ffffff\u00bb border_style=\u00bbsolid\u00bb] &nbsp; [\/et_pb_fullwidth_image][\/et_pb_section][et_pb_section admin_label=\u00bbSecci\u00f3n\u00bb fullwidth=\u00bboff\u00bb specialty=\u00bboff\u00bb transparent_background=\u00bboff\u00bb allow_player_pause=\u00bboff\u00bb inner_shadow=\u00bboff\u00bb parallax=\u00bboff\u00bb parallax_method=\u00bboff\u00bb padding_mobile=\u00bboff\u00bb make_fullwidth=\u00bboff\u00bb use_custom_width=\u00bboff\u00bb width_unit=\u00bbon\u00bb make_equal=\u00bboff\u00bb use_custom_gutter=\u00bboff\u00bb background_color=\u00bbrgba(204,204,204,0.56)\u00bb][et_pb_row admin_label=\u00bbFila\u00bb][et_pb_column type=\u00bb4_4&#8243;][et_pb_text admin_label=\u00bbTexto\u00bb background_layout=\u00bblight\u00bb text_orientation=\u00bbleft\u00bb header_font=\u00bbCuprum||||\u00bb header_font_size=\u00bb19px\u00bb header_text_color=\u00bb#000000&#8243; use_border_color=\u00bboff\u00bb [&hellip;]<\/p>\n","protected":false},"author":2,"featured_media":0,"parent":0,"menu_order":0,"comment_status":"closed","ping_status":"closed","template":"","meta":{"_et_pb_use_builder":"on","_et_pb_old_content":""},"_links":{"self":[{"href":"https:\/\/pabloduran.com\/webnew\/wp-json\/wp\/v2\/pages\/39"}],"collection":[{"href":"https:\/\/pabloduran.com\/webnew\/wp-json\/wp\/v2\/pages"}],"about":[{"href":"https:\/\/pabloduran.com\/webnew\/wp-json\/wp\/v2\/types\/page"}],"author":[{"embeddable":true,"href":"https:\/\/pabloduran.com\/webnew\/wp-json\/wp\/v2\/users\/2"}],"replies":[{"embeddable":true,"href":"https:\/\/pabloduran.com\/webnew\/wp-json\/wp\/v2\/comments?post=39"}],"version-history":[{"count":85,"href":"https:\/\/pabloduran.com\/webnew\/wp-json\/wp\/v2\/pages\/39\/revisions"}],"predecessor-version":[{"id":941,"href":"https:\/\/pabloduran.com\/webnew\/wp-json\/wp\/v2\/pages\/39\/revisions\/941"}],"wp:attachment":[{"href":"https:\/\/pabloduran.com\/webnew\/wp-json\/wp\/v2\/media?parent=39"}],"curies":[{"name":"wp","href":"https:\/\/api.w.org\/{rel}","templated":true}]}}